{"id":6210,"date":"2025-04-10T04:58:26","date_gmt":"2025-04-10T04:58:26","guid":{"rendered":"https:\/\/portfolio.wprealizer.com\/photo-studio-german\/?page_id=6210"},"modified":"2025-04-10T06:18:20","modified_gmt":"2025-04-10T06:18:20","slug":"contact-me-de","status":"publish","type":"page","link":"https:\/\/portfolio.wprealizer.com\/photo-studio-german\/contact-me-de\/","title":{"rendered":"Kontaktieren Sie mich"},"content":{"rendered":"\t\t<div data-elementor-type=\"wp-page\" data-elementor-id=\"6210\" class=\"elementor elementor-6210\">\n\t\t\t\t<div class=\"elementor-element elementor-element-c658dd4 e-flex e-con-boxed e-con e-parent\" data-id=\"c658dd4\" data-element_type=\"container\" data-e-type=\"container\" data-settings=\"{&quot;background_background&quot;:&quot;classic&quot;}\">\n\t\t\t\t\t<div class=\"e-con-inner\">\n\t\t\t\t<div class=\"elementor-element elementor-element-7f9f47e elementor-widget elementor-widget-wpr-heading\" data-id=\"7f9f47e\" data-element_type=\"widget\" data-e-type=\"widget\" data-widget_type=\"wpr-heading.default\">\n\t\t\t\t<div class=\"elementor-widget-container\">\n\t\t\t\t\t\n\t\t\n\t\t\t<div class=\"wpr-el-section wpr-align-box section__header \"  >\n\t\t\t\t\n\t\t\t\t<h2 class=\"wpr-el-title section__title ff-six-caps fs-200 fw-normal \">Lasst uns zusammenarbeiten\n\n<\/h2>\n\t\t\t\t\t\t\t<\/div>\n\n\n\t\t\t\t\t\t\t<\/div>\n\t\t\t\t<\/div>\n\t\t<div class=\"elementor-element elementor-element-81c232b e-con-full contact__wrapper e-flex e-con e-child\" data-id=\"81c232b\" data-element_type=\"container\" data-e-type=\"container\" data-settings=\"{&quot;background_background&quot;:&quot;classic&quot;}\">\n\t\t<div class=\"elementor-element elementor-element-b2e6c6f e-con-full e-flex e-con e-child\" data-id=\"b2e6c6f\" data-element_type=\"container\" data-e-type=\"container\" data-settings=\"{&quot;background_background&quot;:&quot;classic&quot;}\">\n\t\t\t\t<div class=\"elementor-element elementor-element-55a5393 elementor-widget elementor-widget-heading\" data-id=\"55a5393\" data-element_type=\"widget\" data-e-type=\"widget\" data-widget_type=\"heading.default\">\n\t\t\t\t<div class=\"elementor-widget-container\">\n\t\t\t\t\t<h2 class=\"elementor-heading-title elementor-size-default\">Kontakt informationen<\/h2>\t\t\t\t<\/div>\n\t\t\t\t<\/div>\n\t\t\t\t<div class=\"elementor-element elementor-element-1fdc0eb elementor-widget elementor-widget-heading\" data-id=\"1fdc0eb\" data-element_type=\"widget\" data-e-type=\"widget\" data-widget_type=\"heading.default\">\n\t\t\t\t<div class=\"elementor-widget-container\">\n\t\t\t\t\t<h2 class=\"elementor-heading-title elementor-size-default\">auf dem Laufenden bleiben<\/h2>\t\t\t\t<\/div>\n\t\t\t\t<\/div>\n\t\t\t\t<div class=\"elementor-element elementor-element-701af60 elementor-icon-list--layout-traditional elementor-list-item-link-full_width elementor-widget elementor-widget-icon-list\" data-id=\"701af60\" data-element_type=\"widget\" data-e-type=\"widget\" data-widget_type=\"icon-list.default\">\n\t\t\t\t<div class=\"elementor-widget-container\">\n\t\t\t\t\t\t\t<ul class=\"elementor-icon-list-items\">\n\t\t\t\t\t\t\t<li class=\"elementor-icon-list-item\">\n\t\t\t\t\t\t\t\t\t\t\t<a href=\"tel:625080962\">\n\n\t\t\t\t\t\t\t\t\t\t\t<span class=\"elementor-icon-list-text\">(+053) 625 08 09 62<\/span>\n\t\t\t\t\t\t\t\t\t\t\t<\/a>\n\t\t\t\t\t\t\t\t\t<\/li>\n\t\t\t\t\t\t\t\t<li class=\"elementor-icon-list-item\">\n\t\t\t\t\t\t\t\t\t\t\t<a href=\"mailto:admincontact@gmail.com\">\n\n\t\t\t\t\t\t\t\t\t\t\t<span class=\"elementor-icon-list-text\">admincontact@gmail.com<\/span>\n\t\t\t\t\t\t\t\t\t\t\t<\/a>\n\t\t\t\t\t\t\t\t\t<\/li>\n\t\t\t\t\t\t<\/ul>\n\t\t\t\t\t\t<\/div>\n\t\t\t\t<\/div>\n\t\t\t\t<div class=\"elementor-element elementor-element-aeb59a7 elementor-widget elementor-widget-heading\" data-id=\"aeb59a7\" data-element_type=\"widget\" data-e-type=\"widget\" data-widget_type=\"heading.default\">\n\t\t\t\t<div class=\"elementor-widget-container\">\n\t\t\t\t\t<h2 class=\"elementor-heading-title elementor-size-default\">Adresse<\/h2>\t\t\t\t<\/div>\n\t\t\t\t<\/div>\n\t\t\t\t<div class=\"elementor-element elementor-element-3a71149 elementor-icon-list--layout-traditional elementor-list-item-link-full_width elementor-widget elementor-widget-icon-list\" data-id=\"3a71149\" data-element_type=\"widget\" data-e-type=\"widget\" data-widget_type=\"icon-list.default\">\n\t\t\t\t<div class=\"elementor-widget-container\">\n\t\t\t\t\t\t\t<ul class=\"elementor-icon-list-items\">\n\t\t\t\t\t\t\t<li class=\"elementor-icon-list-item\">\n\t\t\t\t\t\t\t\t\t\t<span class=\"elementor-icon-list-text\">223 Thatcher Road St, Brooklyn, Mahattan, NY 10463<\/span>\n\t\t\t\t\t\t\t\t\t<\/li>\n\t\t\t\t\t\t<\/ul>\n\t\t\t\t\t\t<\/div>\n\t\t\t\t<\/div>\n\t\t<div class=\"elementor-element elementor-element-4f3e22f e-con-full e-flex e-con e-child\" data-id=\"4f3e22f\" data-element_type=\"container\" data-e-type=\"container\">\n\t\t\t\t<div class=\"elementor-element elementor-element-56e89af elementor-widget elementor-widget-button\" data-id=\"56e89af\" data-element_type=\"widget\" data-e-type=\"widget\" data-widget_type=\"button.default\">\n\t\t\t\t<div class=\"elementor-widget-container\">\n\t\t\t\t\t\t\t\t\t<div class=\"elementor-button-wrapper\">\n\t\t\t\t\t<a class=\"elementor-button elementor-button-link elementor-size-sm\" href=\"#\">\n\t\t\t\t\t\t<span class=\"elementor-button-content-wrapper\">\n\t\t\t\t\t\t\t\t\t<span class=\"elementor-button-text\">facebook<\/span>\n\t\t\t\t\t<\/span>\n\t\t\t\t\t<\/a>\n\t\t\t\t<\/div>\n\t\t\t\t\t\t\t\t<\/div>\n\t\t\t\t<\/div>\n\t\t\t\t<div class=\"elementor-element elementor-element-7993252 elementor-widget elementor-widget-button\" data-id=\"7993252\" data-element_type=\"widget\" data-e-type=\"widget\" data-widget_type=\"button.default\">\n\t\t\t\t<div class=\"elementor-widget-container\">\n\t\t\t\t\t\t\t\t\t<div class=\"elementor-button-wrapper\">\n\t\t\t\t\t<a class=\"elementor-button elementor-button-link elementor-size-sm\" href=\"#\">\n\t\t\t\t\t\t<span class=\"elementor-button-content-wrapper\">\n\t\t\t\t\t\t\t\t\t<span class=\"elementor-button-text\">twitter<\/span>\n\t\t\t\t\t<\/span>\n\t\t\t\t\t<\/a>\n\t\t\t\t<\/div>\n\t\t\t\t\t\t\t\t<\/div>\n\t\t\t\t<\/div>\n\t\t\t\t<div class=\"elementor-element elementor-element-a0483e3 elementor-widget elementor-widget-button\" data-id=\"a0483e3\" data-element_type=\"widget\" data-e-type=\"widget\" data-widget_type=\"button.default\">\n\t\t\t\t<div class=\"elementor-widget-container\">\n\t\t\t\t\t\t\t\t\t<div class=\"elementor-button-wrapper\">\n\t\t\t\t\t<a class=\"elementor-button elementor-button-link elementor-size-sm\" href=\"#\">\n\t\t\t\t\t\t<span class=\"elementor-button-content-wrapper\">\n\t\t\t\t\t\t\t\t\t<span class=\"elementor-button-text\">instagram<\/span>\n\t\t\t\t\t<\/span>\n\t\t\t\t\t<\/a>\n\t\t\t\t<\/div>\n\t\t\t\t\t\t\t\t<\/div>\n\t\t\t\t<\/div>\n\t\t\t\t<div class=\"elementor-element elementor-element-3bd204a elementor-widget elementor-widget-button\" data-id=\"3bd204a\" data-element_type=\"widget\" data-e-type=\"widget\" data-widget_type=\"button.default\">\n\t\t\t\t<div class=\"elementor-widget-container\">\n\t\t\t\t\t\t\t\t\t<div class=\"elementor-button-wrapper\">\n\t\t\t\t\t<a class=\"elementor-button elementor-button-link elementor-size-sm\" href=\"#\">\n\t\t\t\t\t\t<span class=\"elementor-button-content-wrapper\">\n\t\t\t\t\t\t\t\t\t<span class=\"elementor-button-text\">dribbble<\/span>\n\t\t\t\t\t<\/span>\n\t\t\t\t\t<\/a>\n\t\t\t\t<\/div>\n\t\t\t\t\t\t\t\t<\/div>\n\t\t\t\t<\/div>\n\t\t\t\t<div class=\"elementor-element elementor-element-fa20f9d elementor-widget elementor-widget-button\" data-id=\"fa20f9d\" data-element_type=\"widget\" data-e-type=\"widget\" data-widget_type=\"button.default\">\n\t\t\t\t<div class=\"elementor-widget-container\">\n\t\t\t\t\t\t\t\t\t<div class=\"elementor-button-wrapper\">\n\t\t\t\t\t<a class=\"elementor-button elementor-button-link elementor-size-sm\" href=\"#\">\n\t\t\t\t\t\t<span class=\"elementor-button-content-wrapper\">\n\t\t\t\t\t\t\t\t\t<span class=\"elementor-button-text\">behance<\/span>\n\t\t\t\t\t<\/span>\n\t\t\t\t\t<\/a>\n\t\t\t\t<\/div>\n\t\t\t\t\t\t\t\t<\/div>\n\t\t\t\t<\/div>\n\t\t\t\t<\/div>\n\t\t\t\t<\/div>\n\t\t<div class=\"elementor-element elementor-element-cd17eff e-con-full black-contact-form e-flex e-con e-child\" data-id=\"cd17eff\" data-element_type=\"container\" data-e-type=\"container\">\n\t\t\t\t<div class=\"elementor-element elementor-element-ce6afa6 elementor-widget elementor-widget-shortcode\" data-id=\"ce6afa6\" data-element_type=\"widget\" data-e-type=\"widget\" data-widget_type=\"shortcode.default\">\n\t\t\t\t<div class=\"elementor-widget-container\">\n\t\t\t\t\t\t\t<div class=\"elementor-shortcode\">\n<div class=\"wpcf7 no-js\" id=\"wpcf7-f6219-o1\" lang=\"en-US\" dir=\"ltr\" data-wpcf7-id=\"6219\">\n<div class=\"screen-reader-response\"><p role=\"status\" aria-live=\"polite\" aria-atomic=\"true\"><\/p> <ul><\/ul><\/div>\n<form action=\"\/photo-studio-german\/wp-json\/wp\/v2\/pages\/6210#wpcf7-f6219-o1\" method=\"post\" class=\"wpcf7-form init\" aria-label=\"Contact form\" novalidate=\"novalidate\" data-status=\"init\">\n<fieldset class=\"hidden-fields-container\"><input type=\"hidden\" name=\"_wpcf7\" value=\"6219\" \/><input type=\"hidden\" name=\"_wpcf7_version\" value=\"6.1.5\" \/><input type=\"hidden\" name=\"_wpcf7_locale\" value=\"en_US\" \/><input type=\"hidden\" name=\"_wpcf7_unit_tag\" value=\"wpcf7-f6219-o1\" \/><input type=\"hidden\" name=\"_wpcf7_container_post\" value=\"0\" \/><input type=\"hidden\" name=\"_wpcf7_posted_data_hash\" value=\"\" \/>\n<\/fieldset>\n<div class=\"contact__form-wrapper\">\n<div class=\"contact__form\">\n<div class=\"row g-4\">\n<div class=\"col-md-6\"><div class=\"input-group\"><input size=\"40\" maxlength=\"400\" class=\"wpcf7-form-control wpcf7-text\" aria-invalid=\"false\" placeholder=\"name\" value=\"\" type=\"text\" name=\"text-997\" \/>\n<label for=\"contact-name\">name<\/label><\/div><\/div>\n<div class=\"col-md-6\"><div class=\"input-group\"><input size=\"40\" maxlength=\"400\" class=\"wpcf7-form-control wpcf7-email wpcf7-text wpcf7-validates-as-email\" aria-invalid=\"false\" placeholder=\"email\" value=\"\" type=\"email\" name=\"email-11\" \/><label for=\"contact-email\">e-mail<\/label><\/div><\/div>\n<div class=\"col-12\"><div class=\"input-group\">\n<input size=\"40\" maxlength=\"400\" class=\"wpcf7-form-control wpcf7-text\" aria-invalid=\"false\" placeholder=\"subject\" value=\"\" type=\"text\" name=\"text-947\" \/><label for=\"contact-subject\">Thema<\/label><\/div>\n<\/div>\n<div class=\"col-12\"><div class=\"input-group\"><textarea cols=\"40\" rows=\"10\" maxlength=\"2000\" class=\"wpcf7-form-control wpcf7-textarea\" aria-invalid=\"false\" placeholder=\"message\" name=\"textarea-294\"><\/textarea><label for=\"contact-message\">Nachricht<\/label><\/div><\/div>\n<div class=\"col-12\">\n<button class=\"common-btn\" type=\"submit\">Nachricht senden<i class=\"fa-solid fa-arrow-right\"><\/i><\/button><\/div><\/div><\/div>\n<\/div><div class=\"wpcf7-response-output\" aria-hidden=\"true\"><\/div>\n<\/form>\n<\/div>\n<\/div>\n\t\t\t\t\t\t<\/div>\n\t\t\t\t<\/div>\n\t\t\t\t<\/div>\n\t\t\t\t<\/div>\n\t\t\t\t\t<\/div>\n\t\t\t\t<\/div>\n\t\t<div class=\"elementor-element elementor-element-543262c e-flex e-con-boxed e-con e-parent\" data-id=\"543262c\" data-element_type=\"container\" data-e-type=\"container\" data-settings=\"{&quot;background_background&quot;:&quot;classic&quot;}\">\n\t\t\t\t\t<div class=\"e-con-inner\">\n\t\t<div class=\"elementor-element elementor-element-478aae1 e-con-full e-flex e-con e-child\" data-id=\"478aae1\" data-element_type=\"container\" data-e-type=\"container\">\n\t\t\t\t<div class=\"elementor-element elementor-element-a77bc56 elementor-widget elementor-widget-wpr-heading\" data-id=\"a77bc56\" data-element_type=\"widget\" data-e-type=\"widget\" data-widget_type=\"wpr-heading.default\">\n\t\t\t\t<div class=\"elementor-widget-container\">\n\t\t\t\t\t\n\t\t\n\t\t\t<div class=\"wpr-el-section wpr-align-box section__header \"  >\n\t\t\t\t\n\t\t\t\t<h2 class=\"wpr-el-title section__title ff-six-caps fs-200 fw-normal \">H\u00c4UFIG GESTELLTE FRAGEN<\/h2>\n\t\t\t\t\t\t\t<\/div>\n\n\n\t\t\t\t\t\t\t<\/div>\n\t\t\t\t<\/div>\n\t\t\t\t<\/div>\n\t\t<div class=\"elementor-element elementor-element-31964da e-con-full e-flex e-con e-child\" data-id=\"31964da\" data-element_type=\"container\" data-e-type=\"container\">\n\t\t\t\t<div class=\"elementor-element elementor-element-d1dd308 elementor-widget elementor-widget-wpr-faq\" data-id=\"d1dd308\" data-element_type=\"widget\" data-e-type=\"widget\" data-widget_type=\"wpr-faq.default\">\n\t\t\t\t<div class=\"elementor-widget-container\">\n\t\t\t\t\t\n\n        \n            <div class=\"faq-2__accordion accordion wpr-el-section\" id=\"faqTwoAccordion\">\n                                <div class=\"faq-2__item accordion-item\">\n                    <h6 class=\"accordion-header\" id=\"heading_d1dd3080\">\n                        <button class=\"accordion-button  wpr-el-rep-title\" type=\"button\"\n                        data-bs-toggle=\"collapse\"\n                        data-bs-target=\"#collapse_d1dd3080\"\n                        aria-expanded=\"true\"\n                        aria-controls=\"collapse_d1dd3080\">\n                        Wie buche ich eine Fotosession bei Ihnen?                        <\/button>\n                    <\/h6>\n                    <div\n                        id=\"collapse_d1dd3080\"\n                        class=\"accordion-collapse collapse show\"\n                        aria-labelledby=\"heading_d1dd3080\"\n                        data-bs-parent=\"#faqTwoAccordion\">\n                        <div class=\"accordion-body wpr-el-rep-desc\">\n                         Um ein Fotoshooting zu buchen, kontaktieren Sie uns einfach \u00fcber unsere Website oder direkt. Wir besprechen Ihre W\u00fcnsche, vereinbaren einen passenden Termin und gestalten das perfekte Shooting f\u00fcr Sie!                        <\/div>\n                    <\/div>\n                <\/div>\n                                <div class=\"faq-2__item accordion-item\">\n                    <h6 class=\"accordion-header\" id=\"heading_d1dd3081\">\n                        <button class=\"accordion-button collapsed wpr-el-rep-title\" type=\"button\"\n                        data-bs-toggle=\"collapse\"\n                        data-bs-target=\"#collapse_d1dd3081\"\n                        aria-expanded=\"true\"\n                        aria-controls=\"collapse_d1dd3081\">\n                        Wie hoch sind Ihre Preise f\u00fcr Fotosessions?                        <\/button>\n                    <\/h6>\n                    <div\n                        id=\"collapse_d1dd3081\"\n                        class=\"accordion-collapse collapse \"\n                        aria-labelledby=\"heading_d1dd3081\"\n                        data-bs-parent=\"#faqTwoAccordion\">\n                        <div class=\"accordion-body wpr-el-rep-desc\">\n                         Unsere Preise f\u00fcr Fotoshootings variieren je nach Art des Shootings, Ort und Dauer. Kontaktieren Sie uns f\u00fcr ein individuelles Angebot. Wir erstellen Ihnen gerne ein auf Ihre Bed\u00fcrfnisse zugeschnittenes Preisangebot.                        <\/div>\n                    <\/div>\n                <\/div>\n                                <div class=\"faq-2__item accordion-item\">\n                    <h6 class=\"accordion-header\" id=\"heading_d1dd3082\">\n                        <button class=\"accordion-button collapsed wpr-el-rep-title\" type=\"button\"\n                        data-bs-toggle=\"collapse\"\n                        data-bs-target=\"#collapse_d1dd3082\"\n                        aria-expanded=\"true\"\n                        aria-controls=\"collapse_d1dd3082\">\n                        Was ist in Ihrem Preis inbegriffen?                        <\/button>\n                    <\/h6>\n                    <div\n                        id=\"collapse_d1dd3082\"\n                        class=\"accordion-collapse collapse \"\n                        aria-labelledby=\"heading_d1dd3082\"\n                        data-bs-parent=\"#faqTwoAccordion\">\n                        <div class=\"accordion-body wpr-el-rep-desc\">\n                         Um ein Fotoshooting zu buchen, kontaktieren Sie uns einfach \u00fcber unsere Website oder direkt. Wir besprechen Ihre W\u00fcnsche, vereinbaren einen passenden Termin und gestalten das perfekte Shooting f\u00fcr Sie!                        <\/div>\n                    <\/div>\n                <\/div>\n                                <div class=\"faq-2__item accordion-item\">\n                    <h6 class=\"accordion-header\" id=\"heading_d1dd3083\">\n                        <button class=\"accordion-button collapsed wpr-el-rep-title\" type=\"button\"\n                        data-bs-toggle=\"collapse\"\n                        data-bs-target=\"#collapse_d1dd3083\"\n                        aria-expanded=\"true\"\n                        aria-controls=\"collapse_d1dd3083\">\n                        Auf welche Arten der Fotografie sind Sie spezialisiert?                        <\/button>\n                    <\/h6>\n                    <div\n                        id=\"collapse_d1dd3083\"\n                        class=\"accordion-collapse collapse \"\n                        aria-labelledby=\"heading_d1dd3083\"\n                        data-bs-parent=\"#faqTwoAccordion\">\n                        <div class=\"accordion-body wpr-el-rep-desc\">\n                         Ich bin spezialisiert auf Portr\u00e4ts, Hochzeiten, Events und Lifestyle-Fotografie. Mein Ziel ist es, bedeutungsvolle und kreative Momente festzuhalten, die Ihre Geschichte widerspiegeln. Ich bin auch offen f\u00fcr einzigartige oder individuelle Fotoprojekte. Teilen Sie uns Ihre Vision mit, und wir k\u00f6nnen gemeinsam daran arbeiten, sie zu verwirklichen!                        <\/div>\n                    <\/div>\n                <\/div>\n                                <div class=\"faq-2__item accordion-item\">\n                    <h6 class=\"accordion-header\" id=\"heading_d1dd3084\">\n                        <button class=\"accordion-button collapsed wpr-el-rep-title\" type=\"button\"\n                        data-bs-toggle=\"collapse\"\n                        data-bs-target=\"#collapse_d1dd3084\"\n                        aria-expanded=\"true\"\n                        aria-controls=\"collapse_d1dd3084\">\n                        Wie lange dauert es, bis ich die fertigen Fotos erhalte?                        <\/button>\n                    <\/h6>\n                    <div\n                        id=\"collapse_d1dd3084\"\n                        class=\"accordion-collapse collapse \"\n                        aria-labelledby=\"heading_d1dd3084\"\n                        data-bs-parent=\"#faqTwoAccordion\">\n                        <div class=\"accordion-body wpr-el-rep-desc\">\n                         Die Bearbeitungszeit h\u00e4ngt von der Art der Aufnahme ab. Bei kleineren Shootings wie Portr\u00e4ts betr\u00e4gt die Lieferzeit 1\u20132 Wochen. Gr\u00f6\u00dfere Veranstaltungen wie Hochzeiten k\u00f6nnen aufgrund der Bearbeitung 3\u20134 Wochen dauern. Ich halte Sie auf dem Laufenden und biete Ihnen bei Bedarf eine Expresslieferung an \u2013 sagen Sie mir einfach vorher Bescheid!                        <\/div>\n                    <\/div>\n                <\/div>\n                            <\/div>\n\n\t\t\t\t<\/div>\n\t\t\t\t<\/div>\n\t\t\t\t<\/div>\n\t\t\t\t\t<\/div>\n\t\t\t\t<\/div>\n\t\t\t\t<\/div>\n\t\t","protected":false},"excerpt":{"rendered":"<p>4o Lasst uns zusammenarbeiten Kontakt informationen auf dem Laufenden bleiben (+053) 625 08 09 62 admincontact@gmail.com Adresse 223 Thatcher Road St, Brooklyn, Mahattan, NY 10463 facebook twitter instagram dribbble behance H\u00c4UFIG GESTELLTE FRAGEN Wie buche ich eine Fotosession bei Ihnen? Um ein Fotoshooting zu buchen, kontaktieren Sie uns einfach \u00fcber unsere Website oder direkt. Wir [&hellip;]<\/p>\n","protected":false},"author":1,"featured_media":0,"parent":0,"menu_order":0,"comment_status":"closed","ping_status":"closed","template":"elementor_header_footer","meta":{"_acf_changed":false,"footnotes":""},"class_list":["post-6210","page","type-page","status-publish","hentry"],"acf":[],"_links":{"self":[{"href":"https:\/\/portfolio.wprealizer.com\/photo-studio-german\/wp-json\/wp\/v2\/pages\/6210","targetHints":{"allow":["GET"]}}],"collection":[{"href":"https:\/\/portfolio.wprealizer.com\/photo-studio-german\/wp-json\/wp\/v2\/pages"}],"about":[{"href":"https:\/\/portfolio.wprealizer.com\/photo-studio-german\/wp-json\/wp\/v2\/types\/page"}],"author":[{"embeddable":true,"href":"https:\/\/portfolio.wprealizer.com\/photo-studio-german\/wp-json\/wp\/v2\/users\/1"}],"replies":[{"embeddable":true,"href":"https:\/\/portfolio.wprealizer.com\/photo-studio-german\/wp-json\/wp\/v2\/comments?post=6210"}],"version-history":[{"count":5,"href":"https:\/\/portfolio.wprealizer.com\/photo-studio-german\/wp-json\/wp\/v2\/pages\/6210\/revisions"}],"predecessor-version":[{"id":6290,"href":"https:\/\/portfolio.wprealizer.com\/photo-studio-german\/wp-json\/wp\/v2\/pages\/6210\/revisions\/6290"}],"wp:attachment":[{"href":"https:\/\/portfolio.wprealizer.com\/photo-studio-german\/wp-json\/wp\/v2\/media?parent=6210"}],"curies":[{"name":"wp","href":"https:\/\/api.w.org\/{rel}","templated":true}]}}