{"id":6240,"date":"2025-04-10T05:34:40","date_gmt":"2025-04-10T05:34:40","guid":{"rendered":"https:\/\/portfolio.wprealizer.com\/photo-studio-german\/?page_id=6240"},"modified":"2025-04-10T09:27:52","modified_gmt":"2025-04-10T09:27:52","slug":"services-de","status":"publish","type":"page","link":"https:\/\/portfolio.wprealizer.com\/photo-studio-german\/services-de\/","title":{"rendered":"Dienstleistungen"},"content":{"rendered":"\t\t<div data-elementor-type=\"wp-page\" data-elementor-id=\"6240\" class=\"elementor elementor-6240\">\n\t\t\t\t<div class=\"elementor-element elementor-element-4b0af1f services-4-area e-flex e-con-boxed e-con e-parent\" data-id=\"4b0af1f\" data-element_type=\"container\" data-e-type=\"container\" data-settings=\"{&quot;background_background&quot;:&quot;classic&quot;}\">\n\t\t\t\t\t<div class=\"e-con-inner\">\n\t\t<div class=\"elementor-element elementor-element-99cfca0 e-con-full e-flex e-con e-child\" data-id=\"99cfca0\" data-element_type=\"container\" data-e-type=\"container\">\n\t\t\t\t<div class=\"elementor-element elementor-element-89d00ed elementor-widget elementor-widget-wpr-project-tab\" data-id=\"89d00ed\" data-element_type=\"widget\" data-e-type=\"widget\" data-widget_type=\"wpr-project-tab.default\">\n\t\t\t\t<div class=\"elementor-widget-container\">\n\t\t\t\t\t        \n            <div class=\"row\">\n                <div class=\"col-12 services-4__item-wrapper\">\n                                        <div class=\"services-4__item wpr-el-tab-item\">\n                                                <h2 class=\"service-title\">\n                            <a class=\"wpr-el-tab-title\" href=\"\/photo-studio-german\/wpr-services\/professionelle-headshots\/\">\n                                Professionelle Headshots                            <\/a>\n                        <\/h2>\n                                                <figure class=\"service-thumb\">\n                                                    <img decoding=\"async\" src=\"https:\/\/portfolio.wprealizer.com\/photo-studio-german\/wp-content\/uploads\/sites\/8\/2025\/01\/services-4-thumb-1.png\" \n                                alt=\"\" \/>\n                                                <\/figure>\n                                                <a href=\"\/photo-studio-german\/wpr-services\/professionelle-headshots\/\" class=\"common-btn__circle wpr-el-tab-btn\">\n                            <i class=\"fa-regular fa-arrow-up-right\"><\/i>\n                        <\/a>\n                                            <\/div>\n                                        <div class=\"services-4__item wpr-el-tab-item\">\n                                                <h2 class=\"service-title\">\n                            <a class=\"wpr-el-tab-title\" href=\"\/photo-studio-german\/wpr-services\/portraetfotografie\/\">\n                                Portr\u00e4tfotografie                            <\/a>\n                        <\/h2>\n                                                <figure class=\"service-thumb\">\n                                                    <img decoding=\"async\" src=\"https:\/\/portfolio.wprealizer.com\/photo-studio-german\/wp-content\/uploads\/sites\/8\/2025\/01\/services-4-thumb-2.png\" \n                                alt=\"\" \/>\n                                                <\/figure>\n                                                <a href=\"\/photo-studio-german\/wpr-services\/portraetfotografie\/\" class=\"common-btn__circle wpr-el-tab-btn\">\n                            <i class=\"fa-regular fa-arrow-up-right\"><\/i>\n                        <\/a>\n                                            <\/div>\n                                        <div class=\"services-4__item wpr-el-tab-item\">\n                                                <h2 class=\"service-title\">\n                            <a class=\"wpr-el-tab-title\" href=\"\/photo-studio-german\/wpr-services\/familiensitzungen\/\">\n                                Familiensitzungen                            <\/a>\n                        <\/h2>\n                                                <figure class=\"service-thumb\">\n                                                    <img decoding=\"async\" src=\"https:\/\/portfolio.wprealizer.com\/photo-studio-german\/wp-content\/uploads\/sites\/8\/2025\/01\/services-4-thumb-3.png\" \n                                alt=\"\" \/>\n                                                <\/figure>\n                                                <a href=\"\/photo-studio-german\/wpr-services\/familiensitzungen\/\" class=\"common-btn__circle wpr-el-tab-btn\">\n                            <i class=\"fa-regular fa-arrow-up-right\"><\/i>\n                        <\/a>\n                                            <\/div>\n                                        <div class=\"services-4__item wpr-el-tab-item\">\n                                                <h2 class=\"service-title\">\n                            <a class=\"wpr-el-tab-title\" href=\"\/photo-studio-german\/wpr-services\/lifestyle-fotografie\/\">\n                                Lifestyle-Fotografie                            <\/a>\n                        <\/h2>\n                                                <figure class=\"service-thumb\">\n                                                    <img decoding=\"async\" src=\"https:\/\/portfolio.wprealizer.com\/photo-studio-german\/wp-content\/uploads\/sites\/8\/2025\/01\/services-4-thumb-4.png\" \n                                alt=\"\" \/>\n                                                <\/figure>\n                                                <a href=\"\/photo-studio-german\/wpr-services\/lifestyle-fotografie\/\" class=\"common-btn__circle wpr-el-tab-btn\">\n                            <i class=\"fa-regular fa-arrow-up-right\"><\/i>\n                        <\/a>\n                                            <\/div>\n                                        <div class=\"services-4__item wpr-el-tab-item\">\n                                                <h2 class=\"service-title\">\n                            <a class=\"wpr-el-tab-title\" href=\"\/photo-studio-german\/wpr-services\/reisen-landschaft\/\">\n                                Reisen &amp; Landschaft                            <\/a>\n                        <\/h2>\n                                                <figure class=\"service-thumb\">\n                                                    <img decoding=\"async\" src=\"https:\/\/portfolio.wprealizer.com\/photo-studio-german\/wp-content\/uploads\/sites\/8\/2025\/01\/services-4-thumb-5.png\" \n                                alt=\"\" \/>\n                                                <\/figure>\n                                                <a href=\"\/photo-studio-german\/wpr-services\/reisen-landschaft\/\" class=\"common-btn__circle wpr-el-tab-btn\">\n                            <i class=\"fa-regular fa-arrow-up-right\"><\/i>\n                        <\/a>\n                                            <\/div>\n                                    <\/div>\n            <\/div>\n\n        \t\t\t\t<\/div>\n\t\t\t\t<\/div>\n\t\t\t\t<\/div>\n\t\t\t\t\t<\/div>\n\t\t\t\t<\/div>\n\t\t<div class=\"elementor-element elementor-element-53a96c9 e-flex e-con-boxed e-con e-parent\" data-id=\"53a96c9\" data-element_type=\"container\" data-e-type=\"container\" data-settings=\"{&quot;background_background&quot;:&quot;classic&quot;}\">\n\t\t\t\t\t<div class=\"e-con-inner\">\n\t\t<div class=\"elementor-element elementor-element-2e03fc4 e-con-full e-flex e-con e-child\" data-id=\"2e03fc4\" data-element_type=\"container\" data-e-type=\"container\">\n\t\t\t\t<div class=\"elementor-element elementor-element-12001ed elementor-widget elementor-widget-wpr-heading\" data-id=\"12001ed\" data-element_type=\"widget\" data-e-type=\"widget\" data-widget_type=\"wpr-heading.default\">\n\t\t\t\t<div class=\"elementor-widget-container\">\n\t\t\t\t\t\n\t\t\n\t\t\t<div class=\"wpr-el-section wpr-align-box section__header \"  >\n\t\t\t\t\n\t\t\t\t<h2 class=\"wpr-el-title section__title ff-six-caps fs-200 fw-normal \">WAS SIE SAGTEN<\/h2>\n\t\t\t\t\t\t\t<\/div>\n\n\n\t\t\t\t\t\t\t<\/div>\n\t\t\t\t<\/div>\n\t\t\t\t<\/div>\n\t\t<div class=\"elementor-element elementor-element-0554d07 e-con-full e-flex e-con e-child\" data-id=\"0554d07\" data-element_type=\"container\" data-e-type=\"container\">\n\t\t\t\t<div class=\"elementor-element elementor-element-55f8028 elementor-widget elementor-widget-wpr-testimonial-slider\" data-id=\"55f8028\" data-element_type=\"widget\" data-e-type=\"widget\" data-widget_type=\"wpr-testimonial-slider.default\">\n\t\t\t\t<div class=\"elementor-widget-container\">\n\t\t\t\t\t\n        \n\n            <!-- Testimonial -->\n\n            <div class=\"wpr-el-section\">\n                <div class=\"testimonial-4__slider swiper\">\n                    <div class=\"swiper-wrapper\">\n                                                    <div class=\"swiper-slide\">\n                                <div class=\"testimonial-item\">\n                                    <figure class=\"quote\">\n                                        <img decoding=\"async\"\n                                            src=\"https:\/\/portfolio.wprealizer.com\/photo-studio-german\/wp-content\/themes\/nicholls\/assets\/img\/testimonial-area\/quote-2.png\"\n                                            alt=\"quote\" \/>\n                                    <\/figure>\n                                    <div class=\"testimonial-content\">\n                                                                                    <p class=\"wpr-el-rep-content\">\n                                                \"Nicholls war ma\u00dfgeblich daran beteiligt, unsere Online-Sichtbarkeit zu steigern und die Kundenbindung zu f\u00f6rdern. Ihre ma\u00dfgeschneiderten Strategien und die hervorragende Umsetzung haben unserem Unternehmen herausragende Ergebnisse gebracht.\u201c                                            <\/p>\n                                                                            <\/div>\n                                    <div class=\"testimonial-author text-black\">\n                                        <figure class=\"author__avatar wpr-el-rep-avator\">\n                                                                                            <img decoding=\"async\" src=\"https:\/\/portfolio.wprealizer.com\/photo-studio-german\/wp-content\/uploads\/sites\/8\/2025\/01\/avatar-7-1.png\" alt=\"\">\n                                                                                    <\/figure>\n                                        <div class=\"author__content\">\n                                                                                            <h5 class=\"author__title wpr-el-testi-name\">Ruby Von Rails<\/h5>\n                                                                                                                                        <span class=\"author__info wpr-el-rep-desi\">Designer<\/span>\n                                                                                    <\/div>\n                                    <\/div>\n                                <\/div>\n                            <\/div>\n                                                    <div class=\"swiper-slide\">\n                                <div class=\"testimonial-item\">\n                                    <figure class=\"quote\">\n                                        <img decoding=\"async\"\n                                            src=\"https:\/\/portfolio.wprealizer.com\/photo-studio-german\/wp-content\/themes\/nicholls\/assets\/img\/testimonial-area\/quote-2.png\"\n                                            alt=\"quote\" \/>\n                                    <\/figure>\n                                    <div class=\"testimonial-content\">\n                                                                                    <p class=\"wpr-el-rep-content\">\n                                                \"Die Influencer-Marketingkampagne war ein voller Erfolg! Unsere Social-Media-Followerzahlen sind rasant gestiegen und auch der Umsatz hat sich deutlich erh\u00f6ht. Die ausgew\u00e4hlten Influencer haben perfekt zu unserer Marke gepasst.\u201c                                            <\/p>\n                                                                            <\/div>\n                                    <div class=\"testimonial-author text-black\">\n                                        <figure class=\"author__avatar wpr-el-rep-avator\">\n                                                                                            <img decoding=\"async\" src=\"https:\/\/portfolio.wprealizer.com\/photo-studio-german\/wp-content\/uploads\/sites\/8\/2025\/01\/avatar-6.png\" alt=\"\">\n                                                                                    <\/figure>\n                                        <div class=\"author__content\">\n                                                                                            <h5 class=\"author__title wpr-el-testi-name\">Carnegie Mondover<\/h5>\n                                                                                                                                        <span class=\"author__info wpr-el-rep-desi\">Developer<\/span>\n                                                                                    <\/div>\n                                    <\/div>\n                                <\/div>\n                            <\/div>\n                                                    <div class=\"swiper-slide\">\n                                <div class=\"testimonial-item\">\n                                    <figure class=\"quote\">\n                                        <img decoding=\"async\"\n                                            src=\"https:\/\/portfolio.wprealizer.com\/photo-studio-german\/wp-content\/themes\/nicholls\/assets\/img\/testimonial-area\/quote-2.png\"\n                                            alt=\"quote\" \/>\n                                    <\/figure>\n                                    <div class=\"testimonial-content\">\n                                                                                    <p class=\"wpr-el-rep-content\">\n                                                \"Der Fotograf hat unsere besonderen Momente perfekt eingefangen. Jede Aufnahme wirkte nat\u00fcrlich und voller Emotionen. Wir sind so dankbar f\u00fcr die unglaubliche Arbeit und werden diese Fotos noch viele Jahre in Ehren halten.\u201c                                            <\/p>\n                                                                            <\/div>\n                                    <div class=\"testimonial-author text-black\">\n                                        <figure class=\"author__avatar wpr-el-rep-avator\">\n                                                                                            <img decoding=\"async\" src=\"https:\/\/portfolio.wprealizer.com\/photo-studio-german\/wp-content\/uploads\/sites\/8\/2025\/01\/avatar-2.png\" alt=\"\">\n                                                                                    <\/figure>\n                                        <div class=\"author__content\">\n                                                                                            <h5 class=\"author__title wpr-el-testi-name\">Ravi O'Leigh<\/h5>\n                                                                                                                                        <span class=\"author__info wpr-el-rep-desi\">CEO<\/span>\n                                                                                    <\/div>\n                                    <\/div>\n                                <\/div>\n                            <\/div>\n                                                    <div class=\"swiper-slide\">\n                                <div class=\"testimonial-item\">\n                                    <figure class=\"quote\">\n                                        <img decoding=\"async\"\n                                            src=\"https:\/\/portfolio.wprealizer.com\/photo-studio-german\/wp-content\/themes\/nicholls\/assets\/img\/testimonial-area\/quote-2.png\"\n                                            alt=\"quote\" \/>\n                                    <\/figure>\n                                    <div class=\"testimonial-content\">\n                                                                                    <p class=\"wpr-el-rep-content\">\n                                                \"Der gesamte Ablauf war perfekt organisiert. Die Fotografen schafften eine lockere Atmosph\u00e4re und arbeiteten h\u00f6chst professionell. Die Ergebnisse begeisterten uns - wundersch\u00f6ne Aufnahmen mit exzellenter Nachbearbeitung!\"                                            <\/p>\n                                                                            <\/div>\n                                    <div class=\"testimonial-author text-black\">\n                                        <figure class=\"author__avatar wpr-el-rep-avator\">\n                                                                                            <img decoding=\"async\" src=\"https:\/\/portfolio.wprealizer.com\/photo-studio-german\/wp-content\/uploads\/sites\/8\/2025\/01\/avatar-1.png\" alt=\"\">\n                                                                                    <\/figure>\n                                        <div class=\"author__content\">\n                                                                                            <h5 class=\"author__title wpr-el-testi-name\">Hanson Deck<\/h5>\n                                                                                                                                        <span class=\"author__info wpr-el-rep-desi\">SEO Expert<\/span>\n                                                                                    <\/div>\n                                    <\/div>\n                                <\/div>\n                            <\/div>\n                                            <\/div>\n                <\/div>\n                                    <div class=\"testimonial-4__pagination section-mini-padding-top\"><\/div>\n                            <\/div>\n\n            <!-- Testimonial End -->\n\n\n        \t\t\t\t<\/div>\n\t\t\t\t<\/div>\n\t\t\t\t<\/div>\n\t\t\t\t\t<\/div>\n\t\t\t\t<\/div>\n\t\t<div class=\"elementor-element elementor-element-082197e e-con-full e-flex e-con e-parent\" data-id=\"082197e\" data-element_type=\"container\" data-e-type=\"container\" data-settings=\"{&quot;background_background&quot;:&quot;classic&quot;}\">\n\t\t\t\t<div class=\"elementor-element elementor-element-306d3c7 elementor-widget elementor-widget-wpr-image-slider\" data-id=\"306d3c7\" data-element_type=\"widget\" data-e-type=\"widget\" data-widget_type=\"wpr-image-slider.default\">\n\t\t\t\t<div class=\"elementor-widget-container\">\n\t\t\t\t\t\n\n        \n            <!-- instagram section start  -->\n            <div class=\"instagram__gallery\">\n                                <a  href=\"https:\/\/portfolio.wprealizer.com\/photo-studio-german\/wp-content\/uploads\/sites\/8\/2025\/02\/studio-insta1.png\"  title=\"Instagram Post - 1\"  class=\"instagram__item d-block\">\n                    <img decoding=\"async\" src=\"https:\/\/portfolio.wprealizer.com\/photo-studio-german\/wp-content\/uploads\/sites\/8\/2025\/02\/studio-insta1.png\" alt=\"\" class=\"w-100\">\n                    <span class=\"icon-box\">\n                        <i class=\"fa-brands fa-instagram\"><\/i>\n                    <\/span>\n                <\/a>\n                                <a  href=\"https:\/\/portfolio.wprealizer.com\/photo-studio-german\/wp-content\/uploads\/sites\/8\/2025\/02\/studio-insta2.png\"  title=\"Instagram Post - 1\"  class=\"instagram__item d-block\">\n                    <img decoding=\"async\" src=\"https:\/\/portfolio.wprealizer.com\/photo-studio-german\/wp-content\/uploads\/sites\/8\/2025\/02\/studio-insta2.png\" alt=\"\" class=\"w-100\">\n                    <span class=\"icon-box\">\n                        <i class=\"fa-brands fa-instagram\"><\/i>\n                    <\/span>\n                <\/a>\n                                <a  href=\"https:\/\/portfolio.wprealizer.com\/photo-studio-german\/wp-content\/uploads\/sites\/8\/2025\/02\/studio-insta4.png\"  title=\"Instagram Post - 1\"  class=\"instagram__item d-block\">\n                    <img decoding=\"async\" src=\"https:\/\/portfolio.wprealizer.com\/photo-studio-german\/wp-content\/uploads\/sites\/8\/2025\/02\/studio-insta4.png\" alt=\"\" class=\"w-100\">\n                    <span class=\"icon-box\">\n                        <i class=\"fa-brands fa-instagram\"><\/i>\n                    <\/span>\n                <\/a>\n                                <a  href=\"https:\/\/portfolio.wprealizer.com\/photo-studio-german\/wp-content\/uploads\/sites\/8\/2025\/02\/studio-insta3.png\"  title=\"Instagram Post - 1\"  class=\"instagram__item d-block\">\n                    <img decoding=\"async\" src=\"https:\/\/portfolio.wprealizer.com\/photo-studio-german\/wp-content\/uploads\/sites\/8\/2025\/02\/studio-insta3.png\" alt=\"\" class=\"w-100\">\n                    <span class=\"icon-box\">\n                        <i class=\"fa-brands fa-instagram\"><\/i>\n                    <\/span>\n                <\/a>\n                                <a  href=\"https:\/\/portfolio.wprealizer.com\/photo-studio-german\/wp-content\/uploads\/sites\/8\/2025\/02\/studio-insta5.png\"  title=\"Instagram Post - 1\"  class=\"instagram__item d-block\">\n                    <img decoding=\"async\" src=\"https:\/\/portfolio.wprealizer.com\/photo-studio-german\/wp-content\/uploads\/sites\/8\/2025\/02\/studio-insta5.png\" alt=\"\" class=\"w-100\">\n                    <span class=\"icon-box\">\n                        <i class=\"fa-brands fa-instagram\"><\/i>\n                    <\/span>\n                <\/a>\n                            <\/div>\n            <!-- instagram section end  -->\n\n        \t\t\t\t<\/div>\n\t\t\t\t<\/div>\n\t\t\t\t<\/div>\n\t\t\t\t<\/div>\n\t\t","protected":false},"excerpt":{"rendered":"<p>Professionelle Headshots Portr\u00e4tfotografie Familiensitzungen Lifestyle-Fotografie Reisen &amp; Landschaft WAS SIE SAGTEN &#8220;Nicholls war ma\u00dfgeblich daran beteiligt, unsere Online-Sichtbarkeit zu steigern und die Kundenbindung zu f\u00f6rdern. Ihre ma\u00dfgeschneiderten Strategien und die hervorragende Umsetzung haben unserem Unternehmen herausragende Ergebnisse gebracht.\u201c Ruby Von Rails Designer &#8220;Die Influencer-Marketingkampagne war ein voller Erfolg! Unsere Social-Media-Followerzahlen sind rasant gestiegen und auch [&hellip;]<\/p>\n","protected":false},"author":1,"featured_media":0,"parent":0,"menu_order":0,"comment_status":"closed","ping_status":"closed","template":"elementor_header_footer","meta":{"_acf_changed":false,"footnotes":""},"class_list":["post-6240","page","type-page","status-publish","hentry"],"acf":[],"_links":{"self":[{"href":"https:\/\/portfolio.wprealizer.com\/photo-studio-german\/wp-json\/wp\/v2\/pages\/6240","targetHints":{"allow":["GET"]}}],"collection":[{"href":"https:\/\/portfolio.wprealizer.com\/photo-studio-german\/wp-json\/wp\/v2\/pages"}],"about":[{"href":"https:\/\/portfolio.wprealizer.com\/photo-studio-german\/wp-json\/wp\/v2\/types\/page"}],"author":[{"embeddable":true,"href":"https:\/\/portfolio.wprealizer.com\/photo-studio-german\/wp-json\/wp\/v2\/users\/1"}],"replies":[{"embeddable":true,"href":"https:\/\/portfolio.wprealizer.com\/photo-studio-german\/wp-json\/wp\/v2\/comments?post=6240"}],"version-history":[{"count":11,"href":"https:\/\/portfolio.wprealizer.com\/photo-studio-german\/wp-json\/wp\/v2\/pages\/6240\/revisions"}],"predecessor-version":[{"id":6391,"href":"https:\/\/portfolio.wprealizer.com\/photo-studio-german\/wp-json\/wp\/v2\/pages\/6240\/revisions\/6391"}],"wp:attachment":[{"href":"https:\/\/portfolio.wprealizer.com\/photo-studio-german\/wp-json\/wp\/v2\/media?parent=6240"}],"curies":[{"name":"wp","href":"https:\/\/api.w.org\/{rel}","templated":true}]}}